{"id":1828,"date":"2020-04-09T04:24:49","date_gmt":"2020-04-09T04:24:49","guid":{"rendered":"https:\/\/dev2.paradisedocklift.com\/?page_id=1828"},"modified":"2022-09-25T01:38:08","modified_gmt":"2022-09-25T01:38:08","slug":"boat-lift-advantage","status":"publish","type":"page","link":"https:\/\/dev2.paradisedocklift.com\/fr\/boat-lift-advantage\/","title":{"rendered":"Boat Lift Advantage"},"content":{"rendered":"<div data-elementor-type=\"wp-page\" data-elementor-id=\"1828\" class=\"elementor elementor-1828\">\n\t\t\t\t\t\t<div class=\"elementor-inner\">\n\t\t\t\t<div class=\"elementor-section-wrap\">\n\t\t\t\t\t\t\t\t\t<section class=\"elementor-section elementor-top-section elementor-element elementor-element-675e088 elementor-section-height-min-height LANDING-PAGE elementor-section-boxed elementor-section-height-default elementor-section-items-middle\" data-id=\"675e088\" data-element_type=\"section\" id=\"LANDING-PAGE-THREE\" data-settings=\"{&quot;background_background&quot;:&quot;classic&quot;}\">\n\t\t\t\t\t\t<div class=\"elementor-container elementor-column-gap-no\">\n\t\t\t\t\t\t\t<div class=\"elementor-row\">\n\t\t\t\t\t<div class=\"elementor-column elementor-col-100 elementor-top-column elementor-element elementor-element-71b764d\" data-id=\"71b764d\" data-element_type=\"column\" data-settings=\"{&quot;background_background&quot;:&quot;classic&quot;}\">\n\t\t\t<div class=\"elementor-column-wrap elementor-element-populated\">\n\t\t\t\t\t<div class=\"elementor-background-overlay\"><\/div>\n\t\t\t\t\t\t\t<div class=\"elementor-widget-wrap\">\n\t\t\t\t\t\t<div class=\"elementor-element elementor-element-79a2c2d .main-banner-header elementor-widget elementor-widget-heading\" data-id=\"79a2c2d\" data-element_type=\"widget\" data-widget_type=\"heading.default\">\n\t\t\t\t<div class=\"elementor-widget-container\">\n\t\t\t<h1 class=\"elementor-heading-title elementor-size-xl\">AVANTAGE DE L&#039;\u00c9L\u00c9VATEUR \u00c0 BATEAUX<\/h1>\t\t<\/div>\n\t\t\t\t<\/div>\n\t\t\t\t<div class=\"elementor-element elementor-element-eae67bc elementor-widget elementor-widget-text-editor\" data-id=\"eae67bc\" data-element_type=\"widget\" data-widget_type=\"text-editor.default\">\n\t\t\t\t<div class=\"elementor-widget-container\">\n\t\t\t\t\t\t\t\t<div class=\"elementor-text-editor elementor-clearfix\">\n\t\t\t\t<p>Un ascenseur \u00e0 bateaux ne repr\u00e9sente qu&#039;un petit pourcentage de vos d\u00e9penses de navigation, mais r\u00e9duit consid\u00e9rablement l&#039;entretien, s&#039;autofinance et ajoute du plaisir \u00e0 votre exp\u00e9rience de navigation. <br \/><br \/>Lancez votre bateau en quelques secondes en appuyant sur un bouton, plus besoin de lancer ou d&#039;attacher les ailes\u00a0!<\/p>\t\t\t\t\t<\/div>\n\t\t\t\t\t\t<\/div>\n\t\t\t\t<\/div>\n\t\t\t\t\t\t<\/div>\n\t\t\t\t\t<\/div>\n\t\t<\/div>\n\t\t\t\t\t\t\t\t<\/div>\n\t\t\t\t\t<\/div>\n\t\t<\/section>\n\t\t\t\t<section class=\"elementor-section elementor-top-section elementor-element elementor-element-86bf318 elementor-section-boxed elementor-section-height-default elementor-section-height-default\" data-id=\"86bf318\" data-element_type=\"section\">\n\t\t\t\t\t\t<div class=\"elementor-container elementor-column-gap-default\">\n\t\t\t\t\t\t\t<div class=\"elementor-row\">\n\t\t\t\t\t<div class=\"elementor-column elementor-col-100 elementor-top-column elementor-element elementor-element-a16090d\" data-id=\"a16090d\" data-element_type=\"column\">\n\t\t\t<div class=\"elementor-column-wrap elementor-element-populated\">\n\t\t\t\t\t\t\t<div class=\"elementor-widget-wrap\">\n\t\t\t\t\t\t<div class=\"elementor-element elementor-element-c75f95c elementor-widget elementor-widget-heading\" data-id=\"c75f95c\" data-element_type=\"widget\" data-widget_type=\"heading.default\">\n\t\t\t\t<div class=\"elementor-widget-container\">\n\t\t\t<h2 class=\"elementor-heading-title elementor-size-default\">POURQUOI POSS\u00c9DER UN \u00c9L\u00c9VATEUR \u00c0 BATEAUX\u00a0?<\/h2>\t\t<\/div>\n\t\t\t\t<\/div>\n\t\t\t\t<div class=\"elementor-element elementor-element-851115c elementor-widget-divider--view-line elementor-widget elementor-widget-divider\" data-id=\"851115c\" data-element_type=\"widget\" data-widget_type=\"divider.default\">\n\t\t\t\t<div class=\"elementor-widget-container\">\n\t\t\t\t\t<div class=\"elementor-divider\">\n\t\t\t<span class=\"elementor-divider-separator\">\n\t\t\t\t\t\t<\/span>\n\t\t<\/div>\n\t\t\t\t<\/div>\n\t\t\t\t<\/div>\n\t\t\t\t\t\t<\/div>\n\t\t\t\t\t<\/div>\n\t\t<\/div>\n\t\t\t\t\t\t\t\t<\/div>\n\t\t\t\t\t<\/div>\n\t\t<\/section>\n\t\t\t\t<section class=\"elementor-section elementor-top-section elementor-element elementor-element-0d1890c elementor-section-boxed elementor-section-height-default elementor-section-height-default\" data-id=\"0d1890c\" data-element_type=\"section\">\n\t\t\t\t\t\t<div class=\"elementor-container elementor-column-gap-default\">\n\t\t\t\t\t\t\t<div class=\"elementor-row\">\n\t\t\t\t\t<div class=\"elementor-column elementor-col-100 elementor-top-column elementor-element elementor-element-c76eb44\" data-id=\"c76eb44\" data-element_type=\"column\">\n\t\t\t<div class=\"elementor-column-wrap elementor-element-populated\">\n\t\t\t\t\t\t\t<div class=\"elementor-widget-wrap\">\n\t\t\t\t\t\t<div class=\"elementor-element elementor-element-d5c2f06 elementor-widget elementor-widget-text-editor\" data-id=\"d5c2f06\" data-element_type=\"widget\" data-widget_type=\"text-editor.default\">\n\t\t\t\t<div class=\"elementor-widget-container\">\n\t\t\t\t\t\t\t\t<div class=\"elementor-text-editor elementor-clearfix\">\n\t\t\t\t<h4>ARR\u00caTEZ DE VOUS INQUI\u00c9TER POUR VOTRE BATEAU<\/h4><p>Quatre-vingt-cinq pour cent des bateaux qui coulent le font \u00e0 quai. En r\u00e8gle g\u00e9n\u00e9rale, une simple batterie d\u00e9charg\u00e9e ou une pompe de cale d\u00e9faillante suffit pour perdre votre bateau.<\/p><h4>PLUS DE NAVIGATION, MOINS DE R\u00c9CURAGE<\/h4><p>M\u00eame avec de la peinture de fond, le fond de votre bateau doit \u00eatre nettoy\u00e9 r\u00e9guli\u00e8rement. Un \u00e9l\u00e9vateur garde le fond de votre bateau propre. Ajoutez un auvent qui emp\u00eache la crasse et les excr\u00e9ments d&#039;oiseaux de s&#039;accumuler sur le dessus de votre bateau.<\/p><h4>OBTENEZ PLUS DE PLAISIR AVEC VOTRE BATEAU<\/h4><p>Les ascenseurs \u00e0 bateaux gardent votre bateau propre et pr\u00eat \u00e0 \u00eatre lanc\u00e9 en quelques secondes. Vous pourrez utiliser votre bateau beaucoup plus souvent, avec plus de plaisir et moins de temps pass\u00e9 \u00e0 le nettoyer. Soyez fier de votre beau bateau propre.<\/p><h4>\u00c9CONOMISER DE L&#039;ARGENT<\/h4><p>Le stockage \u00e0 sec de votre bateau sur un ascenseur \u00e0 bateaux peut augmenter la valeur de revente d&#039;un bateau de pr\u00e8s de 15% -20%. Un fond propre am\u00e9liore les performances, \u00e9conomise du carburant, augmente l&#039;autonomie et \u00e9limine le co\u00fbt r\u00e9current de la peinture du fond.<\/p><h4>\u00c9VITEZ LES DOMMAGES \u00c0 LA COQUE ET \u00c0 LA CONDUITE<\/h4><p>Le stockage humide de votre bateau est la principale cause des cloques sur la coque. Le stockage humide endommage \u00e9galement les sorties, les \u00e9tais et les arbres. Avec un \u00e9l\u00e9vateur \u00e0 bateaux, vous pouvez r\u00e9duire consid\u00e9rablement l&#039;usure co\u00fbteuse de votre bateau en rangeant votre bateau au-dessus de la ligne de flottaison.<\/p>\t\t\t\t\t<\/div>\n\t\t\t\t\t\t<\/div>\n\t\t\t\t<\/div>\n\t\t\t\t\t\t<\/div>\n\t\t\t\t\t<\/div>\n\t\t<\/div>\n\t\t\t\t\t\t\t\t<\/div>\n\t\t\t\t\t<\/div>\n\t\t<\/section>\n\t\t\t\t<section class=\"elementor-section elementor-top-section elementor-element elementor-element-6f0e43d elementor-section-boxed elementor-section-height-default elementor-section-height-default\" data-id=\"6f0e43d\" data-element_type=\"section\">\n\t\t\t\t\t\t<div class=\"elementor-container elementor-column-gap-default\">\n\t\t\t\t\t\t\t<div class=\"elementor-row\">\n\t\t\t\t\t<div class=\"elementor-column elementor-col-100 elementor-top-column elementor-element elementor-element-51eb50b\" data-id=\"51eb50b\" data-element_type=\"column\">\n\t\t\t<div class=\"elementor-column-wrap elementor-element-populated\">\n\t\t\t\t\t\t\t<div class=\"elementor-widget-wrap\">\n\t\t\t\t\t\t<div class=\"elementor-element elementor-element-ac48b72 elementor-widget elementor-widget-heading\" data-id=\"ac48b72\" data-element_type=\"widget\" data-widget_type=\"heading.default\">\n\t\t\t\t<div class=\"elementor-widget-container\">\n\t\t\t<h2 class=\"elementor-heading-title elementor-size-default\">FACTEURS \u00c0 CONSID\u00c9RER<\/h2>\t\t<\/div>\n\t\t\t\t<\/div>\n\t\t\t\t<div class=\"elementor-element elementor-element-9f355cc elementor-widget-divider--view-line elementor-widget elementor-widget-divider\" data-id=\"9f355cc\" data-element_type=\"widget\" data-widget_type=\"divider.default\">\n\t\t\t\t<div class=\"elementor-widget-container\">\n\t\t\t\t\t<div class=\"elementor-divider\">\n\t\t\t<span class=\"elementor-divider-separator\">\n\t\t\t\t\t\t<\/span>\n\t\t<\/div>\n\t\t\t\t<\/div>\n\t\t\t\t<\/div>\n\t\t\t\t\t\t<\/div>\n\t\t\t\t\t<\/div>\n\t\t<\/div>\n\t\t\t\t\t\t\t\t<\/div>\n\t\t\t\t\t<\/div>\n\t\t<\/section>\n\t\t\t\t<section class=\"elementor-section elementor-top-section elementor-element elementor-element-36144e0 elementor-section-boxed elementor-section-height-default elementor-section-height-default\" data-id=\"36144e0\" data-element_type=\"section\">\n\t\t\t\t\t\t<div class=\"elementor-container elementor-column-gap-default\">\n\t\t\t\t\t\t\t<div class=\"elementor-row\">\n\t\t\t\t\t<div class=\"elementor-column elementor-col-100 elementor-top-column elementor-element elementor-element-38e2d74\" data-id=\"38e2d74\" data-element_type=\"column\">\n\t\t\t<div class=\"elementor-column-wrap elementor-element-populated\">\n\t\t\t\t\t\t\t<div class=\"elementor-widget-wrap\">\n\t\t\t\t\t\t<div class=\"elementor-element elementor-element-a13e555 elementor-widget elementor-widget-text-editor\" data-id=\"a13e555\" data-element_type=\"widget\" data-widget_type=\"text-editor.default\">\n\t\t\t\t<div class=\"elementor-widget-container\">\n\t\t\t\t\t\t\t\t<div class=\"elementor-text-editor elementor-clearfix\">\n\t\t\t\t<p>Que vous choisissiez un nouveau quai ou un ascenseur \u00e0 bateaux, de nombreux facteurs que vous devez prendre en compte restent les m\u00eames. Nous avons dress\u00e9 une petite liste de choses \u00e0 garder \u00e0 l&#039;esprit lorsque vous cherchez \u00e0 am\u00e9liorer votre front de mer.<\/p>\t\t\t\t\t<\/div>\n\t\t\t\t\t\t<\/div>\n\t\t\t\t<\/div>\n\t\t\t\t<div class=\"elementor-element elementor-element-215b557 elementor-icon-list--layout-traditional elementor-list-item-link-full_width elementor-widget elementor-widget-icon-list\" data-id=\"215b557\" data-element_type=\"widget\" data-widget_type=\"icon-list.default\">\n\t\t\t\t<div class=\"elementor-widget-container\">\n\t\t\t\t\t<ul class=\"elementor-icon-list-items\">\n\t\t\t\t\t\t\t<li class=\"elementor-icon-list-item\">\n\t\t\t\t\t\t\t\t\t\t\t<span class=\"elementor-icon-list-icon\">\n\t\t\t\t\t\t\t<i aria-hidden=\"true\" class=\"fas fa-circle\"><\/i>\t\t\t\t\t\t<\/span>\n\t\t\t\t\t\t\t\t\t\t<span class=\"elementor-icon-list-text\">Consid\u00e9rations et approbations r\u00e9glementaires et environnementales<\/span>\n\t\t\t\t\t\t\t\t\t<\/li>\n\t\t\t\t\t\t\t\t<li class=\"elementor-icon-list-item\">\n\t\t\t\t\t\t\t\t\t\t\t<span class=\"elementor-icon-list-icon\">\n\t\t\t\t\t\t\t<i aria-hidden=\"true\" class=\"fas fa-circle\"><\/i>\t\t\t\t\t\t<\/span>\n\t\t\t\t\t\t\t\t\t\t<span class=\"elementor-icon-list-text\">Poids du bateau (y compris l&#039;essence et l&#039;\u00e9quipement)<\/span>\n\t\t\t\t\t\t\t\t\t<\/li>\n\t\t\t\t\t\t\t\t<li class=\"elementor-icon-list-item\">\n\t\t\t\t\t\t\t\t\t\t\t<span class=\"elementor-icon-list-icon\">\n\t\t\t\t\t\t\t<i aria-hidden=\"true\" class=\"fas fa-circle\"><\/i>\t\t\t\t\t\t<\/span>\n\t\t\t\t\t\t\t\t\t\t<span class=\"elementor-icon-list-text\">Profondeur de l&#039;eau, hauteur des vagues, directions des vents dominants<\/span>\n\t\t\t\t\t\t\t\t\t<\/li>\n\t\t\t\t\t\t\t\t<li class=\"elementor-icon-list-item\">\n\t\t\t\t\t\t\t\t\t\t\t<span class=\"elementor-icon-list-icon\">\n\t\t\t\t\t\t\t<i aria-hidden=\"true\" class=\"fas fa-circle\"><\/i>\t\t\t\t\t\t<\/span>\n\t\t\t\t\t\t\t\t\t\t<span class=\"elementor-icon-list-text\">Fluctuation de l&#039;eau (saisonni\u00e8re ou marnage)<\/span>\n\t\t\t\t\t\t\t\t\t<\/li>\n\t\t\t\t\t\t\t\t<li class=\"elementor-icon-list-item\">\n\t\t\t\t\t\t\t\t\t\t\t<span class=\"elementor-icon-list-icon\">\n\t\t\t\t\t\t\t<i aria-hidden=\"true\" class=\"fas fa-circle\"><\/i>\t\t\t\t\t\t<\/span>\n\t\t\t\t\t\t\t\t\t\t<span class=\"elementor-icon-list-text\">Type de mat\u00e9riau du lit, sable, graviers, boue ou roche<\/span>\n\t\t\t\t\t\t\t\t\t<\/li>\n\t\t\t\t\t\t\t\t<li class=\"elementor-icon-list-item\">\n\t\t\t\t\t\t\t\t\t\t\t<span class=\"elementor-icon-list-icon\">\n\t\t\t\t\t\t\t<i aria-hidden=\"true\" class=\"fas fa-circle\"><\/i>\t\t\t\t\t\t<\/span>\n\t\t\t\t\t\t\t\t\t\t<span class=\"elementor-icon-list-text\">Option de transmission (manuel, treuil, hydraulique)<\/span>\n\t\t\t\t\t\t\t\t\t<\/li>\n\t\t\t\t\t\t\t\t<li class=\"elementor-icon-list-item\">\n\t\t\t\t\t\t\t\t\t\t\t<span class=\"elementor-icon-list-icon\">\n\t\t\t\t\t\t\t<i aria-hidden=\"true\" class=\"fas fa-circle\"><\/i>\t\t\t\t\t\t<\/span>\n\t\t\t\t\t\t\t\t\t\t<span class=\"elementor-icon-list-text\">Besoins en \u00e9nergie\u2013AC, batterie ou solaire<\/span>\n\t\t\t\t\t\t\t\t\t<\/li>\n\t\t\t\t\t\t\t\t<li class=\"elementor-icon-list-item\">\n\t\t\t\t\t\t\t\t\t\t\t<span class=\"elementor-icon-list-icon\">\n\t\t\t\t\t\t\t<i aria-hidden=\"true\" class=\"fas fa-circle\"><\/i>\t\t\t\t\t\t<\/span>\n\t\t\t\t\t\t\t\t\t\t<span class=\"elementor-icon-list-text\">Exigences en mati\u00e8re de couchette (\u00e9lectricit\u00e9, ponton, voile, hydravion)<\/span>\n\t\t\t\t\t\t\t\t\t<\/li>\n\t\t\t\t\t\t\t\t<li class=\"elementor-icon-list-item\">\n\t\t\t\t\t\t\t\t\t\t\t<span class=\"elementor-icon-list-icon\">\n\t\t\t\t\t\t\t<i aria-hidden=\"true\" class=\"fas fa-circle\"><\/i>\t\t\t\t\t\t<\/span>\n\t\t\t\t\t\t\t\t\t\t<span class=\"elementor-icon-list-text\">S\u00e9lection de canop\u00e9e<\/span>\n\t\t\t\t\t\t\t\t\t<\/li>\n\t\t\t\t\t\t\t\t<li class=\"elementor-icon-list-item\">\n\t\t\t\t\t\t\t\t\t\t\t<span class=\"elementor-icon-list-icon\">\n\t\t\t\t\t\t\t<i aria-hidden=\"true\" class=\"fas fa-circle\"><\/i>\t\t\t\t\t\t<\/span>\n\t\t\t\t\t\t\t\t\t\t<span class=\"elementor-icon-list-text\">garantie<\/span>\n\t\t\t\t\t\t\t\t\t<\/li>\n\t\t\t\t\t\t<\/ul>\n\t\t\t\t<\/div>\n\t\t\t\t<\/div>\n\t\t\t\t\t\t<\/div>\n\t\t\t\t\t<\/div>\n\t\t<\/div>\n\t\t\t\t\t\t\t\t<\/div>\n\t\t\t\t\t<\/div>\n\t\t<\/section>\n\t\t\t\t<section class=\"elementor-section elementor-top-section elementor-element elementor-element-d4c6168 elementor-section-boxed elementor-section-height-default elementor-section-height-default\" data-id=\"d4c6168\" data-element_type=\"section\">\n\t\t\t\t\t\t<div class=\"elementor-container elementor-column-gap-default\">\n\t\t\t\t\t\t\t<div class=\"elementor-row\">\n\t\t\t\t\t<div class=\"elementor-column elementor-col-100 elementor-top-column elementor-element elementor-element-44bda48\" data-id=\"44bda48\" data-element_type=\"column\">\n\t\t\t<div class=\"elementor-column-wrap elementor-element-populated\">\n\t\t\t\t\t\t\t<div class=\"elementor-widget-wrap\">\n\t\t\t\t\t\t<div class=\"elementor-element elementor-element-282e2f7 elementor-widget elementor-widget-spacer\" data-id=\"282e2f7\" data-element_type=\"widget\" data-widget_type=\"spacer.default\">\n\t\t\t\t<div class=\"elementor-widget-container\">\n\t\t\t\t\t<div class=\"elementor-spacer\">\n\t\t\t<div class=\"elementor-spacer-inner\"><\/div>\n\t\t<\/div>\n\t\t\t\t<\/div>\n\t\t\t\t<\/div>\n\t\t\t\t\t\t<\/div>\n\t\t\t\t\t<\/div>\n\t\t<\/div>\n\t\t\t\t\t\t\t\t<\/div>\n\t\t\t\t\t<\/div>\n\t\t<\/section>\n\t\t\t\t\t\t\t\t\t<\/div>\n\t\t\t<\/div>\n\t\t\t\t\t<\/div>","protected":false},"excerpt":{"rendered":"<p>BOAT LIFT ADVANTAGE A boat lift only accounts for a small percentage of your boating expense, yet greatly reduces maintenance, pays for itself and adds enjoyment to your boating experience. Launch your craft in seconds with the press of a button, no more cranking or tying fenders! WHY OWN A BOAT LIFT? STOP WORRYING ABOUT&hellip;&nbsp;<a href=\"https:\/\/dev2.paradisedocklift.com\/fr\/boat-lift-advantage\/\" class=\"\" rel=\"bookmark\">En savoir plus &quot;<span class=\"screen-reader-text\">Boat Lift Advantage<\/span><\/a><\/p>","protected":false},"author":2,"featured_media":0,"parent":0,"menu_order":0,"comment_status":"closed","ping_status":"closed","template":"page-templates\/template-pagebuilder-full-width.php","meta":{"footnotes":""},"yst_prominent_words":[126,8,10,125,84,122,133,23,130,123,129,124,13,128,132,127,120,117,131,121],"_links":{"self":[{"href":"https:\/\/dev2.paradisedocklift.com\/fr\/wp-json\/wp\/v2\/pages\/1828"}],"collection":[{"href":"https:\/\/dev2.paradisedocklift.com\/fr\/wp-json\/wp\/v2\/pages"}],"about":[{"href":"https:\/\/dev2.paradisedocklift.com\/fr\/wp-json\/wp\/v2\/types\/page"}],"author":[{"embeddable":true,"href":"https:\/\/dev2.paradisedocklift.com\/fr\/wp-json\/wp\/v2\/users\/2"}],"replies":[{"embeddable":true,"href":"https:\/\/dev2.paradisedocklift.com\/fr\/wp-json\/wp\/v2\/comments?post=1828"}],"version-history":[{"count":18,"href":"https:\/\/dev2.paradisedocklift.com\/fr\/wp-json\/wp\/v2\/pages\/1828\/revisions"}],"predecessor-version":[{"id":2506,"href":"https:\/\/dev2.paradisedocklift.com\/fr\/wp-json\/wp\/v2\/pages\/1828\/revisions\/2506"}],"wp:attachment":[{"href":"https:\/\/dev2.paradisedocklift.com\/fr\/wp-json\/wp\/v2\/media?parent=1828"}],"wp:term":[{"taxonomy":"yst_prominent_words","embeddable":true,"href":"https:\/\/dev2.paradisedocklift.com\/fr\/wp-json\/wp\/v2\/yst_prominent_words?post=1828"}],"curies":[{"name":"wp","href":"https:\/\/api.w.org\/{rel}","templated":true}]}}